{"id":2218,"date":"2021-04-29T17:30:35","date_gmt":"2021-04-29T15:30:35","guid":{"rendered":"https:\/\/web4.maintaindesign.nl\/rolunk\/"},"modified":"2021-04-29T17:34:03","modified_gmt":"2021-04-29T15:34:03","slug":"rolunk","status":"publish","type":"page","link":"https:\/\/bijvank-services.com\/hu\/rolunk\/","title":{"rendered":"R\u00f3lunk"},"content":{"rendered":"<p>[et_pb_section fb_built=&#8221;1&#8243; custom_padding_last_edited=&#8221;on|phone&#8221; _builder_version=&#8221;4.9.0&#8243; background_color=&#8221;#eaeaea&#8221; use_background_color_gradient=&#8221;on&#8221; background_color_gradient_start=&#8221;rgba(35,48,66,0.18)&#8221; background_color_gradient_end=&#8221;#233042&#8243; background_color_gradient_direction=&#8221;360deg&#8221; background_color_gradient_overlays_image=&#8221;on&#8221; background_image=&#8221;https:\/\/bijvank-services.com\/wp-content\/uploads\/2021\/02\/banner.jpg&#8221; background_size=&#8221;initial&#8221; custom_margin=&#8221;||||false|false&#8221; custom_margin_last_edited=&#8221;off|desktop&#8221; custom_padding=&#8221;50px||50px||true|false&#8221; custom_padding_tablet=&#8221;25px||25px||true|false&#8221; custom_padding_phone=&#8221;10px||10px||true|false&#8221; bottom_divider_style=&#8221;arrow2&#8243; bottom_divider_color=&#8221;#FFFFFF&#8221; animation_style=&#8221;fade&#8221; module_alignment_tablet=&#8221;&#8221; module_alignment_phone=&#8221;&#8221; module_alignment_last_edited=&#8221;on|phone&#8221;][et_pb_row _builder_version=&#8221;4.9.0&#8243; custom_margin=&#8221;-4%||||false|false&#8221;][et_pb_column type=&#8221;4_4&#8243; _builder_version=&#8221;4.0.3&#8243;][et_pb_text admin_label=&#8221;Pagina titel&#8221; _builder_version=&#8221;4.9.4&#8243; text_text_color=&#8221;#FFFFFF&#8221; text_font_size=&#8221;20px&#8221; text_line_height=&#8221;1.8em&#8221; header_text_align=&#8221;center&#8221; header_text_color=&#8221;#FFFFFF&#8221; header_2_font_size=&#8221;26px&#8221; header_3_font=&#8221;|700|||||||&#8221; header_3_font_size=&#8221;20px&#8221; text_orientation=&#8221;center&#8221; module_alignment=&#8221;center&#8221; custom_margin=&#8221;||||false|false&#8221; custom_padding=&#8221;||||false|false&#8221;]<\/p>\n<h1>R\u00f3lunk<\/h1>\n<p>T\u00f6bb mint 20 \u00e9ves tapasztalat a k\u00fcl\u00f6nf\u00e9le ipar\u00e1gakban az \u00fcgykezel\u00e9sben, a projektmenedzsmentben, a folyamatfejleszt\u00e9sben \u00e9s a munkahelyi k\u00e9pz\u00e9sben.<\/p>\n<p>&nbsp;<\/p>\n<p>[\/et_pb_text][\/et_pb_column][\/et_pb_row][\/et_pb_section][et_pb_section fb_built=&#8221;1&#8243; admin_label=&#8221;Service Section&#8221; _builder_version=&#8221;4.9.0&#8243; custom_margin=&#8221;128px||||false|false&#8221; custom_margin_tablet=&#8221;&#8221; custom_margin_phone=&#8221;32px||||false|false&#8221; custom_margin_last_edited=&#8221;on|phone&#8221; custom_padding=&#8221;0px||0px|||&#8221; animation_style=&#8221;fade&#8221;][et_pb_row use_custom_gutter=&#8221;on&#8221; custom_padding_last_edited=&#8221;on|phone&#8221; admin_label=&#8221;Funkci\u00f3&#8221; module_class=&#8221; et_pb_row_fullwidth&#8221; _builder_version=&#8221;4.9.0&#8243; width=&#8221;1280px&#8221; width_tablet=&#8221;80%&#8221; width_phone=&#8221;&#8221; width_last_edited=&#8221;on|desktop&#8221; max_width=&#8221;100%&#8221; max_width_tablet=&#8221;80%&#8221; max_width_phone=&#8221;&#8221; max_width_last_edited=&#8221;on|desktop&#8221; module_alignment=&#8221;center&#8221; custom_margin=&#8221;||32px||false|false&#8221; custom_padding=&#8221;0px||0px|||&#8221; custom_padding_tablet=&#8221;&#8221; custom_padding_phone=&#8221;40px||||false|false&#8221; make_fullwidth=&#8221;on&#8221;][et_pb_column type=&#8221;4_4&#8243; _builder_version=&#8221;4.9.0&#8243; custom_padding=&#8221;|||&#8221; custom_padding__hover=&#8221;|||&#8221;][et_pb_text admin_label=&#8221;Title&#8221; _builder_version=&#8221;4.9.0&#8243; text_font=&#8221;Montserrat||||||||&#8221; text_text_color=&#8221;#747d88&#8243; text_font_size=&#8221;16px&#8221; text_line_height=&#8221;1.9em&#8221; header_text_align=&#8221;left&#8221; header_2_font=&#8221;|700|||||||&#8221; header_2_text_align=&#8221;left&#8221; header_2_line_height=&#8221;1.3em&#8221; max_width=&#8221;1280px&#8221; module_alignment=&#8221;center&#8221; locked=&#8221;off&#8221;]<\/p>\n<h2>Bijvank Szolg\u00e1ltat\u00e1sok<\/h2>\n<p>[\/et_pb_text][\/et_pb_column][\/et_pb_row][et_pb_row column_structure=&#8221;1_2,1_2&#8243; use_custom_gutter=&#8221;on&#8221; make_equal=&#8221;on&#8221; custom_padding_last_edited=&#8221;on|phone&#8221; admin_label=&#8221;Funkci\u00f3&#8221; module_class=&#8221; et_pb_row_fullwidth&#8221; _builder_version=&#8221;4.9.4&#8243; width=&#8221;1280px&#8221; width_tablet=&#8221;80%&#8221; width_phone=&#8221;&#8221; width_last_edited=&#8221;on|desktop&#8221; max_width=&#8221;100%&#8221; max_width_tablet=&#8221;80%&#8221; max_width_phone=&#8221;&#8221; max_width_last_edited=&#8221;on|desktop&#8221; custom_margin=&#8221;||0px||false|false&#8221; custom_padding=&#8221;0px||0px||false|false&#8221; custom_padding_tablet=&#8221;&#8221; custom_padding_phone=&#8221;0px||||false|false&#8221; make_fullwidth=&#8221;on&#8221;][et_pb_column type=&#8221;1_2&#8243; _builder_version=&#8221;4.9.4&#8243; custom_padding=&#8221;||0px||false|false&#8221; custom_padding__hover=&#8221;|||&#8221;][et_pb_text admin_label=&#8221;Subtitle&#8221; _builder_version=&#8221;4.9.4&#8243; text_text_color=&#8221;#747d88&#8243; text_line_height=&#8221;1.8em&#8221; max_width=&#8221;700px&#8221; module_alignment=&#8221;left&#8221; custom_margin=&#8221;|||&#8221; custom_padding=&#8221;||0px|||&#8221; custom_padding_tablet=&#8221;&#8221; custom_padding_phone=&#8221;||0px||false|false&#8221; custom_padding_last_edited=&#8221;on|phone&#8221; locked=&#8221;off&#8221;]<\/p>\n<p><span>Az\u00e1ltal, hogy nyitva tartjuk a kommunik\u00e1ci\u00f3t, \u00e9s rendszeresen adunk \u00e9s k\u00e9r\u00fcnk visszajelz\u00e9st, magasan tartjuk az \u00e1tadott munka min\u0151s\u00e9g\u00e9t. Egy\u00e9rtelm\u0171 ir\u00e1nymutat\u00e1sokat k\u00e9r\u00fcnk, \u00e9s ennek alapj\u00e1n dolgozunk a munk\u00e1j\u00e1hoz. Ezt t\u00e1volr\u00f3l \u00e9s online csin\u00e1ljuk, hogy az eredm\u00e9nyek azonnal l\u00e1that\u00f3k legyenek, \u00e9s az ellen\u0151rz\u00e9s gyorsan \u00e9s k\u00f6zvetlen\u00fcl elv\u00e9gezhet\u0151 legyen. Ez olyan egyszer\u0171!<\/span><\/p>\n<p><span><strong>Hogyan m\u0171k\u00f6d\u00fcnk?<\/strong><br \/><\/span><span>El\u0151sz\u00f6r megvitatjuk, hogy a k\u00edv\u00e1ns\u00e1gok, tev\u00e9kenys\u00e9gek \u00e9s azok teljes\u00edt\u00e9se megfelelnek-e. <\/span><span>Mit kell tenn\u00fcnk \u00e9s tudunk-e teljes\u00edteni; A megbesz\u00e9lt felt\u00e9telekkel ellent\u00e9tesek-e olyan tev\u00e9kenys\u00e9gek, amelyekre k\u00e9pz\u00e9s sz\u00fcks\u00e9ges Megtessz\u00fck, mindig t\u00e1rgyalhat\u00f3k. Hogyan zajlanak a tev\u00e9kenys\u00e9gek? Saj\u00e1t felszerel\u00e9s, vagy a felszerel\u00e9s\u00e9t kell haszn\u00e1lni? Az \u00d6n szoftvercsomagja, vagy m\u0171k\u00f6dhetek-e a rendelkez\u00e9semre \u00e1ll\u00f3 rendszereken kereszt\u00fcl?<\/span><\/p>\n<p><span><\/span><\/p>\n<p>[\/et_pb_text][\/et_pb_column][et_pb_column type=&#8221;1_2&#8243; _builder_version=&#8221;4.9.4&#8243; custom_padding=&#8221;||0px||false|false&#8221; custom_padding__hover=&#8221;|||&#8221;][et_pb_image src=&#8221;https:\/\/bijvank-services.com\/wp-content\/uploads\/2021\/02\/background-2-1.jpg&#8221; alt=&#8221;szolg\u00e1ltat\u00e1sok&#8221; title_text=&#8221;szolg\u00e1ltat\u00e1sok&#8221; force_fullwidth=&#8221;on&#8221; align_tablet=&#8221;center&#8221; align_phone=&#8221;&#8221; align_last_edited=&#8221;on|desktop&#8221; _builder_version=&#8221;4.9.0&#8243; custom_margin=&#8221;|||&#8221;][\/et_pb_image][\/et_pb_column][\/et_pb_row][et_pb_row column_structure=&#8221;1_2,1_2&#8243; use_custom_gutter=&#8221;on&#8221; make_equal=&#8221;on&#8221; custom_padding_last_edited=&#8221;on|phone&#8221; admin_label=&#8221;Funkci\u00f3&#8221; module_class=&#8221; et_pb_row_fullwidth&#8221; _builder_version=&#8221;4.9.4&#8243; width=&#8221;1280px&#8221; width_tablet=&#8221;80%&#8221; width_phone=&#8221;&#8221; width_last_edited=&#8221;on|desktop&#8221; max_width=&#8221;100%&#8221; max_width_tablet=&#8221;80%&#8221; max_width_phone=&#8221;&#8221; max_width_last_edited=&#8221;on|desktop&#8221; custom_margin=&#8221;||0px||false|false&#8221; custom_padding=&#8221;0px||0px||false|false&#8221; custom_padding_tablet=&#8221;&#8221; custom_padding_phone=&#8221;0px||||false|false&#8221; make_fullwidth=&#8221;on&#8221;][et_pb_column type=&#8221;1_2&#8243; _builder_version=&#8221;4.9.4&#8243; custom_padding=&#8221;0px||||false|false&#8221; custom_padding__hover=&#8221;|||&#8221;][et_pb_text admin_label=&#8221;Subtitle&#8221; _builder_version=&#8221;4.9.4&#8243; text_text_color=&#8221;#747d88&#8243; text_line_height=&#8221;1.8em&#8221; max_width=&#8221;700px&#8221; module_alignment=&#8221;left&#8221; custom_margin=&#8221;0px||0px||false|false&#8221; custom_margin_tablet=&#8221;&#8221; custom_margin_phone=&#8221;0px||0px||false|false&#8221; custom_margin_last_edited=&#8221;on|phone&#8221; custom_padding=&#8221;0px||0px|0px|false|false&#8221; locked=&#8221;off&#8221;]<\/p>\n<p><span>A munk\u00e1d j\u00f3l szervezett. A Bijvank Services egy\u00fcttm\u0171k\u00f6dhet \u00d6nnel annak biztos\u00edt\u00e1s\u00e1ban, hogy ez legyen a v\u00e9geredm\u00e9ny!<\/span><\/p>\n<p>[\/et_pb_text][\/et_pb_column][et_pb_column type=&#8221;1_2&#8243; _builder_version=&#8221;4.9.4&#8243; custom_padding=&#8221;0px||7%||false|false&#8221; custom_padding__hover=&#8221;|||&#8221;][et_pb_text admin_label=&#8221;Subtitle&#8221; _builder_version=&#8221;4.9.4&#8243; text_font=&#8221;|700|||||||&#8221; text_text_color=&#8221;#747d88&#8243; text_line_height=&#8221;1.8em&#8221; max_width=&#8221;700px&#8221; module_alignment=&#8221;left&#8221; custom_margin=&#8221;0px||0px||false|false&#8221; custom_margin_tablet=&#8221;&#8221; custom_margin_phone=&#8221;0px||0px||false|false&#8221; custom_margin_last_edited=&#8221;on|phone&#8221; custom_padding=&#8221;0px||0px|0px|false|false&#8221; locked=&#8221;off&#8221;]<\/p>\n<p><span>Szeretne kapcsolatba l\u00e9pni vel\u00fcnk, hogy megvitass\u00e1k a lehet\u0151s\u00e9geket? T\u00f6ltse ki a kapcsolatfelv\u00e9teli \u0171rlapot, \u00e9s 2 munkanapon bel\u00fcl felvessz\u00fck \u00d6nnel a kapcsolatot. V\u00e1rjuk k\u00e9rd\u00e9s\u00e9nek megjelen\u00e9s\u00e9t!<\/span><\/p>\n<p>[\/et_pb_text][\/et_pb_column][\/et_pb_row][\/et_pb_section][et_pb_section fb_built=&#8221;1&#8243; prev_background_color=&#8221;#ffffff&#8221; admin_label=&#8221;Testimonial Section&#8221; _builder_version=&#8221;4.9.0&#8243; background_color=&#8221;#DE6B58&#8243; background_image=&#8221;https:\/\/bijvank-services.com\/wp-content\/uploads\/2021\/03\/background_logo-2.jpg&#8221; background_enable_image=&#8221;off&#8221; background_size=&#8221;contain&#8221; background_position=&#8221;top_left&#8221; custom_margin=&#8221;|||&#8221; custom_padding=&#8221;||||false|false&#8221; top_divider_style=&#8221;slant2&#8243; bottom_divider_style=&#8221;slant2&#8243; bottom_divider_color=&#8221;#FFFFFF&#8221; saved_tabs=&#8221;all&#8221;][et_pb_row use_custom_gutter=&#8221;on&#8221; make_equal=&#8221;on&#8221; admin_label=&#8221;Szolg\u00e1ltat\u00e1sok&#8221; _builder_version=&#8221;4.9.0&#8243; custom_margin=&#8221;||||false|false&#8221; custom_padding=&#8221;96px||96px||false|false&#8221; animation_style=&#8221;fade&#8221; use_custom_width=&#8221;on&#8221; width_unit=&#8221;off&#8221;][et_pb_column type=&#8221;4_4&#8243; _builder_version=&#8221;3.25&#8243; custom_padding=&#8221;|||&#8221; custom_padding__hover=&#8221;|||&#8221;][et_pb_team_member name=&#8221;Ronald Bijvank&#8221; position=&#8221;Hajt\u00f3er\u0151&#8221; image_url=&#8221;https:\/\/bijvank-services.com\/wp-content\/uploads\/2021\/03\/Ronald-Bijvank.jpeg&#8221; use_icon_font_size=&#8221;on&#8221; icon_font_size=&#8221;65px&#8221; _builder_version=&#8221;4.9.4&#8243; _module_preset=&#8221;default&#8221; header_level=&#8221;h2&#8243; header_text_color=&#8221;#FFFFFF&#8221; body_text_color=&#8221;#ffffff&#8221; body_font_size=&#8221;17px&#8221; body_line_height=&#8221;1.8em&#8221; position_text_color=&#8221;rgba(255,255,255,0.5)&#8221; position_font_size=&#8221;20px&#8221; width=&#8221;55%&#8221; max_width=&#8221;1280px&#8221; module_alignment=&#8221;center&#8221; custom_margin=&#8221;||||false|false&#8221;]<\/p>\n<p><span><\/span><\/p>\n<p><span><\/span><\/p>\n<p><span>A Bijvank Services szolg\u00e1ltat\u00e1ssal indult 2019-ben, teljes mozg\u00e1sban \u00e9s a jelenbe tekintve, de minden bizonnyal a j\u00f6v\u0151re is \u00f6sszpontos\u00edtott.<\/span><\/p>\n<p>[\/et_pb_team_member][\/et_pb_column][\/et_pb_row][\/et_pb_section][et_pb_section fb_built=&#8221;1&#8243; admin_label=&#8221;Testimonial Section&#8221; _builder_version=&#8221;4.9.4&#8243; background_color=&#8221;RGBA(0,0,0,0)&#8221; use_background_color_gradient=&#8221;on&#8221; background_color_gradient_start=&#8221;rgba(255,255,255,0.61)&#8221; background_color_gradient_end=&#8221;#ffffff&#8221; background_color_gradient_overlays_image=&#8221;on&#8221; background_image=&#8221;https:\/\/bijvank-services.com\/wp-content\/uploads\/\/2021\/03\/Bijvanklogo-bg.svg&#8221; background_size=&#8221;contain&#8221; background_position=&#8221;center_left&#8221; custom_margin=&#8221;|||&#8221; custom_padding=&#8221;0px||0px|||&#8221; hover_enabled=&#8221;0&#8243; saved_tabs=&#8221;all&#8221; disabled_on=&#8221;on|on|on&#8221; disabled=&#8221;on&#8221; sticky_enabled=&#8221;0&#8243;][et_pb_row custom_padding_last_edited=&#8221;on|desktop&#8221; admin_label=&#8221;Besz\u00e1mol\u00f3 c\u00edme&#8221; _builder_version=&#8221;4.9.0&#8243; background_color=&#8221;RGBA(0,0,0,0)&#8221; custom_margin=&#8221;|||&#8221; custom_margin_tablet=&#8221;&#8221; custom_margin_phone=&#8221;&#8221; custom_margin_last_edited=&#8221;on|phone&#8221; custom_padding=&#8221;80px||||false|false&#8221; custom_padding_tablet=&#8221;&#8221; custom_padding_phone=&#8221;32px||||false|false&#8221; animation_style=&#8221;fade&#8221;][et_pb_column type=&#8221;4_4&#8243; _builder_version=&#8221;3.25&#8243; custom_padding=&#8221;|||&#8221; custom_padding__hover=&#8221;|||&#8221;][et_pb_text _builder_version=&#8221;4.9.0&#8243; text_font=&#8221;Cairo|700|||||||&#8221; text_text_color=&#8221;#FFFFFF&#8221; text_line_height=&#8221;1.2em&#8221; header_2_font=&#8221;|700|||||||&#8221; header_2_text_color=&#8221;#233042&#8243; text_orientation=&#8221;center&#8221; max_width=&#8221;700px&#8221; module_alignment=&#8221;center&#8221; custom_margin_tablet=&#8221;&#8221; custom_margin_phone=&#8221;&#8221; custom_margin_last_edited=&#8221;on|phone&#8221;]<\/p>\n<h2>Amit \u00fcgyfeleink mondanak<\/h2>\n<p>[\/et_pb_text][\/et_pb_column][\/et_pb_row][et_pb_row column_structure=&#8221;1_2,1_2&#8243; custom_padding_last_edited=&#8221;on|phone&#8221; admin_label=&#8221;Testimonial&#8221; _builder_version=&#8221;4.9.0&#8243; background_color=&#8221;RGBA(0,0,0,0)&#8221; custom_padding=&#8221;0px||96px||false|true&#8221; custom_padding_tablet=&#8221;&#8221; custom_padding_phone=&#8221;||32px||false|true&#8221; animation_style=&#8221;fade&#8221;][et_pb_column type=&#8221;1_2&#8243; _builder_version=&#8221;3.25&#8243; custom_padding=&#8221;|||&#8221; custom_padding__hover=&#8221;|||&#8221;][et_pb_testimonial author=&#8221;Mitch Skolnik&#8221; job_title=&#8221;operation Director&#8221; company_name=&#8221;Elegant Themes&#8221; portrait_url=&#8221;https:\/\/bijvank-services.com\/wp-content\/uploads\/2020\/02\/portraits-circle-small_1.png&#8221; quote_icon=&#8221;off&#8221; _builder_version=&#8221;4.9.0&#8243; body_font=&#8221;||||||||&#8221; body_text_color=&#8221;rgba(35,48,66,0.64)&#8221; body_font_size=&#8221;17px&#8221; body_line_height=&#8221;1.8em&#8221; author_text_color=&#8221;#233042&#8243; use_background_color=&#8221;off&#8221; body_text_align_tablet=&#8221;&#8221; body_text_align_phone=&#8221;center&#8221; body_text_align_last_edited=&#8221;on|phone&#8221;]<\/p>\n<p>\u201cThere are many variations of passages of Lorem Ipsum available, but the majority have suffered alteration by injected humour.\u201d<\/p>\n<p>[\/et_pb_testimonial][et_pb_testimonial author=&#8221;Andrel Nahaev&#8221; job_title=&#8221;operation Director&#8221; company_name=&#8221;Elegant Themes&#8221; portrait_url=&#8221;https:\/\/bijvank-services.com\/wp-content\/uploads\/2020\/02\/portraits-circle-small_3.png&#8221; quote_icon=&#8221;off&#8221; _builder_version=&#8221;4.9.0&#8243; body_font=&#8221;||||||||&#8221; body_text_color=&#8221;rgba(35,48,66,0.64)&#8221; body_font_size=&#8221;17px&#8221; body_line_height=&#8221;1.8em&#8221; author_text_color=&#8221;#233042&#8243; use_background_color=&#8221;off&#8221; body_text_align_tablet=&#8221;&#8221; body_text_align_phone=&#8221;center&#8221; body_text_align_last_edited=&#8221;on|phone&#8221;]<\/p>\n<p>\u201cThere are many variations of passages of Lorem Ipsum available, but the majority have suffered alteration by injected humour.\u201d<\/p>\n<p>[\/et_pb_testimonial][\/et_pb_column][et_pb_column type=&#8221;1_2&#8243; _builder_version=&#8221;3.25&#8243; custom_padding=&#8221;|||&#8221; custom_padding__hover=&#8221;|||&#8221;][et_pb_testimonial author=&#8221;Eduard Ungureanu&#8221; job_title=&#8221;Tech Support&#8221; company_name=&#8221;Elegant Themes&#8221; portrait_url=&#8221;https:\/\/bijvank-services.com\/wp-content\/uploads\/2020\/02\/portraits-circle-small_2.png&#8221; quote_icon=&#8221;off&#8221; _builder_version=&#8221;4.9.0&#8243; body_font=&#8221;||||||||&#8221; body_text_color=&#8221;rgba(35,48,66,0.64)&#8221; body_font_size=&#8221;17px&#8221; body_line_height=&#8221;1.8em&#8221; author_text_color=&#8221;#233042&#8243; use_background_color=&#8221;off&#8221; body_text_align_tablet=&#8221;&#8221; body_text_align_phone=&#8221;center&#8221; body_text_align_last_edited=&#8221;on|phone&#8221;]<\/p>\n<p>\u201cThere are many variations of passages of Lorem Ipsum available, but the majority have suffered alteration by injected humour.\u201d<\/p>\n<p>[\/et_pb_testimonial][et_pb_testimonial author=&#8221;Tom Ewer&#8221; job_title=&#8221;Blogger&#8221; company_name=&#8221;Elegant Themes&#8221; portrait_url=&#8221;https:\/\/bijvank-services.com\/wp-content\/uploads\/2020\/02\/portraits-circle-small_5.png&#8221; quote_icon=&#8221;off&#8221; _builder_version=&#8221;4.9.0&#8243; body_font=&#8221;||||||||&#8221; body_text_color=&#8221;rgba(35,48,66,0.64)&#8221; body_font_size=&#8221;17px&#8221; body_line_height=&#8221;1.8em&#8221; author_text_color=&#8221;#233042&#8243; use_background_color=&#8221;off&#8221; body_text_align_tablet=&#8221;&#8221; body_text_align_phone=&#8221;center&#8221; body_text_align_last_edited=&#8221;on|phone&#8221;]<\/p>\n<p>\u201cThere are many variations of passages of Lorem Ipsum available, but the majority have suffered alteration by injected humour.\u201d<\/p>\n<p>[\/et_pb_testimonial][\/et_pb_column][\/et_pb_row][\/et_pb_section]<\/p>\n","protected":false},"excerpt":{"rendered":"<p>R\u00f3lunk T\u00f6bb mint 20 \u00e9ves tapasztalat a k\u00fcl\u00f6nf\u00e9le ipar\u00e1gakban az \u00fcgykezel\u00e9sben, a projektmenedzsmentben, a folyamatfejleszt\u00e9sben \u00e9s a munkahelyi k\u00e9pz\u00e9sben. &nbsp;Bijvank Szolg\u00e1ltat\u00e1sokAz\u00e1ltal, hogy nyitva tartjuk a kommunik\u00e1ci\u00f3t, \u00e9s rendszeresen adunk \u00e9s k\u00e9r\u00fcnk visszajelz\u00e9st, magasan tartjuk az \u00e1tadott munka min\u0151s\u00e9g\u00e9t. Egy\u00e9rtelm\u0171 ir\u00e1nymutat\u00e1sokat k\u00e9r\u00fcnk, \u00e9s ennek alapj\u00e1n dolgozunk a munk\u00e1j\u00e1hoz. Ezt t\u00e1volr\u00f3l \u00e9s online csin\u00e1ljuk, hogy az eredm\u00e9nyek [&hellip;]<\/p>\n","protected":false},"author":1,"featured_media":0,"parent":0,"menu_order":0,"comment_status":"closed","ping_status":"closed","template":"","meta":{"_et_pb_use_builder":"on","_et_pb_old_content":"","_et_gb_content_width":"","footnotes":""},"class_list":["post-2218","page","type-page","status-publish","hentry"],"yoast_head":"<!-- This site is optimized with the Yoast SEO plugin v23.7 - https:\/\/yoast.com\/wordpress\/plugins\/seo\/ -->\n<title>R\u00f3lunk - Bijvank Services<\/title>\n<meta name=\"robots\" content=\"index, follow, max-snippet:-1, max-image-preview:large, max-video-preview:-1\" \/>\n<link rel=\"canonical\" href=\"https:\/\/bijvank-services.com\/hu\/rolunk\/\" \/>\n<meta property=\"og:locale\" content=\"hu_HU\" \/>\n<meta property=\"og:type\" content=\"article\" \/>\n<meta property=\"og:title\" content=\"R\u00f3lunk - Bijvank Services\" \/>\n<meta property=\"og:description\" content=\"R\u00f3lunk T\u00f6bb mint 20 \u00e9ves tapasztalat a k\u00fcl\u00f6nf\u00e9le ipar\u00e1gakban az \u00fcgykezel\u00e9sben, a projektmenedzsmentben, a folyamatfejleszt\u00e9sben \u00e9s a munkahelyi k\u00e9pz\u00e9sben. &nbsp;Bijvank Szolg\u00e1ltat\u00e1sokAz\u00e1ltal, hogy nyitva tartjuk a kommunik\u00e1ci\u00f3t, \u00e9s rendszeresen adunk \u00e9s k\u00e9r\u00fcnk visszajelz\u00e9st, magasan tartjuk az \u00e1tadott munka min\u0151s\u00e9g\u00e9t. Egy\u00e9rtelm\u0171 ir\u00e1nymutat\u00e1sokat k\u00e9r\u00fcnk, \u00e9s ennek alapj\u00e1n dolgozunk a munk\u00e1j\u00e1hoz. Ezt t\u00e1volr\u00f3l \u00e9s online csin\u00e1ljuk, hogy az eredm\u00e9nyek [&hellip;]\" \/>\n<meta property=\"og:url\" content=\"https:\/\/bijvank-services.com\/hu\/rolunk\/\" \/>\n<meta property=\"og:site_name\" content=\"Bijvank Services\" \/>\n<meta property=\"article:modified_time\" content=\"2021-04-29T15:34:03+00:00\" \/>\n<meta name=\"twitter:card\" content=\"summary_large_image\" \/>\n<meta name=\"twitter:label1\" content=\"Est. reading time\" \/>\n\t<meta name=\"twitter:data1\" content=\"9 minutes\" \/>\n<script type=\"application\/ld+json\" class=\"yoast-schema-graph\">{\"@context\":\"https:\/\/schema.org\",\"@graph\":[{\"@type\":\"WebPage\",\"@id\":\"https:\/\/bijvank-services.com\/hu\/rolunk\/\",\"url\":\"https:\/\/bijvank-services.com\/hu\/rolunk\/\",\"name\":\"R\u00f3lunk - Bijvank Services\",\"isPartOf\":{\"@id\":\"https:\/\/bijvank-services.com\/hu\/#website\"},\"datePublished\":\"2021-04-29T15:30:35+00:00\",\"dateModified\":\"2021-04-29T15:34:03+00:00\",\"breadcrumb\":{\"@id\":\"https:\/\/bijvank-services.com\/hu\/rolunk\/#breadcrumb\"},\"inLanguage\":\"hu-HU\",\"potentialAction\":[{\"@type\":\"ReadAction\",\"target\":[\"https:\/\/bijvank-services.com\/hu\/rolunk\/\"]}]},{\"@type\":\"BreadcrumbList\",\"@id\":\"https:\/\/bijvank-services.com\/hu\/rolunk\/#breadcrumb\",\"itemListElement\":[{\"@type\":\"ListItem\",\"position\":1,\"name\":\"Home\",\"item\":\"https:\/\/bijvank-services.com\/hu\/\"},{\"@type\":\"ListItem\",\"position\":2,\"name\":\"R\u00f3lunk\"}]},{\"@type\":\"WebSite\",\"@id\":\"https:\/\/bijvank-services.com\/hu\/#website\",\"url\":\"https:\/\/bijvank-services.com\/hu\/\",\"name\":\"Bijvank Services\",\"description\":\"Website\",\"potentialAction\":[{\"@type\":\"SearchAction\",\"target\":{\"@type\":\"EntryPoint\",\"urlTemplate\":\"https:\/\/bijvank-services.com\/hu\/?s={search_term_string}\"},\"query-input\":{\"@type\":\"PropertyValueSpecification\",\"valueRequired\":true,\"valueName\":\"search_term_string\"}}],\"inLanguage\":\"hu-HU\"}]}<\/script>\n<!-- \/ Yoast SEO plugin. -->","yoast_head_json":{"title":"R\u00f3lunk - Bijvank Services","robots":{"index":"index","follow":"follow","max-snippet":"max-snippet:-1","max-image-preview":"max-image-preview:large","max-video-preview":"max-video-preview:-1"},"canonical":"https:\/\/bijvank-services.com\/hu\/rolunk\/","og_locale":"hu_HU","og_type":"article","og_title":"R\u00f3lunk - Bijvank Services","og_description":"R\u00f3lunk T\u00f6bb mint 20 \u00e9ves tapasztalat a k\u00fcl\u00f6nf\u00e9le ipar\u00e1gakban az \u00fcgykezel\u00e9sben, a projektmenedzsmentben, a folyamatfejleszt\u00e9sben \u00e9s a munkahelyi k\u00e9pz\u00e9sben. &nbsp;Bijvank Szolg\u00e1ltat\u00e1sokAz\u00e1ltal, hogy nyitva tartjuk a kommunik\u00e1ci\u00f3t, \u00e9s rendszeresen adunk \u00e9s k\u00e9r\u00fcnk visszajelz\u00e9st, magasan tartjuk az \u00e1tadott munka min\u0151s\u00e9g\u00e9t. Egy\u00e9rtelm\u0171 ir\u00e1nymutat\u00e1sokat k\u00e9r\u00fcnk, \u00e9s ennek alapj\u00e1n dolgozunk a munk\u00e1j\u00e1hoz. Ezt t\u00e1volr\u00f3l \u00e9s online csin\u00e1ljuk, hogy az eredm\u00e9nyek [&hellip;]","og_url":"https:\/\/bijvank-services.com\/hu\/rolunk\/","og_site_name":"Bijvank Services","article_modified_time":"2021-04-29T15:34:03+00:00","twitter_card":"summary_large_image","twitter_misc":{"Est. reading time":"9 minutes"},"schema":{"@context":"https:\/\/schema.org","@graph":[{"@type":"WebPage","@id":"https:\/\/bijvank-services.com\/hu\/rolunk\/","url":"https:\/\/bijvank-services.com\/hu\/rolunk\/","name":"R\u00f3lunk - Bijvank Services","isPartOf":{"@id":"https:\/\/bijvank-services.com\/hu\/#website"},"datePublished":"2021-04-29T15:30:35+00:00","dateModified":"2021-04-29T15:34:03+00:00","breadcrumb":{"@id":"https:\/\/bijvank-services.com\/hu\/rolunk\/#breadcrumb"},"inLanguage":"hu-HU","potentialAction":[{"@type":"ReadAction","target":["https:\/\/bijvank-services.com\/hu\/rolunk\/"]}]},{"@type":"BreadcrumbList","@id":"https:\/\/bijvank-services.com\/hu\/rolunk\/#breadcrumb","itemListElement":[{"@type":"ListItem","position":1,"name":"Home","item":"https:\/\/bijvank-services.com\/hu\/"},{"@type":"ListItem","position":2,"name":"R\u00f3lunk"}]},{"@type":"WebSite","@id":"https:\/\/bijvank-services.com\/hu\/#website","url":"https:\/\/bijvank-services.com\/hu\/","name":"Bijvank Services","description":"Website","potentialAction":[{"@type":"SearchAction","target":{"@type":"EntryPoint","urlTemplate":"https:\/\/bijvank-services.com\/hu\/?s={search_term_string}"},"query-input":{"@type":"PropertyValueSpecification","valueRequired":true,"valueName":"search_term_string"}}],"inLanguage":"hu-HU"}]}},"_links":{"self":[{"href":"https:\/\/bijvank-services.com\/hu\/wp-json\/wp\/v2\/pages\/2218"}],"collection":[{"href":"https:\/\/bijvank-services.com\/hu\/wp-json\/wp\/v2\/pages"}],"about":[{"href":"https:\/\/bijvank-services.com\/hu\/wp-json\/wp\/v2\/types\/page"}],"author":[{"embeddable":true,"href":"https:\/\/bijvank-services.com\/hu\/wp-json\/wp\/v2\/users\/1"}],"replies":[{"embeddable":true,"href":"https:\/\/bijvank-services.com\/hu\/wp-json\/wp\/v2\/comments?post=2218"}],"version-history":[{"count":0,"href":"https:\/\/bijvank-services.com\/hu\/wp-json\/wp\/v2\/pages\/2218\/revisions"}],"wp:attachment":[{"href":"https:\/\/bijvank-services.com\/hu\/wp-json\/wp\/v2\/media?parent=2218"}],"curies":[{"name":"wp","href":"https:\/\/api.w.org\/{rel}","templated":true}]}}